{"id":2893,"date":"2022-09-24T00:18:11","date_gmt":"2022-09-24T00:18:11","guid":{"rendered":"https:\/\/sjotasolucionesdigitales.com\/legalidad\/?page_id=2893"},"modified":"2022-10-02T00:16:17","modified_gmt":"2022-10-02T00:16:17","slug":"notificacion-de-la-ley-de-derechos-de-autor-milenio-digital-dmca","status":"publish","type":"page","link":"https:\/\/sjotasolucionesdigitales.com\/legalidad\/notificacion-de-la-ley-de-derechos-de-autor-milenio-digital-dmca\/","title":{"rendered":"DMCA"},"content":{"rendered":"<p>[et_pb_section fb_built=&#8221;1&#8243; _builder_version=&#8221;4.18.0&#8243; _module_preset=&#8221;default&#8221; background_image=&#8221;https:\/\/sjotasolucionesdigitales.com\/legalidad\/wp-content\/uploads\/sites\/12\/2022\/10\/istockphoto-1218285130-1024&#215;1024-transformed.jpeg&#8221; width=&#8221;100%&#8221; max_width=&#8221;100%&#8221; min_height=&#8221;184px&#8221; height=&#8221;670px&#8221; max_height=&#8221;1000px&#8221; global_colors_info=&#8221;{}&#8221;][et_pb_row custom_padding_last_edited=&#8221;on|desktop&#8221; _builder_version=&#8221;4.18.0&#8243; _module_preset=&#8221;default&#8221; custom_margin=&#8221;286px||||false|false&#8221; custom_margin_tablet=&#8221;240px||||false|false&#8221; custom_margin_phone=&#8221;111px||||false|false&#8221; custom_margin_last_edited=&#8221;on|phone&#8221; custom_padding_tablet=&#8221;&#8221; custom_padding_phone=&#8221;&#8221; global_colors_info=&#8221;{}&#8221;][et_pb_column type=&#8221;4_4&#8243; _builder_version=&#8221;4.18.0&#8243; _module_preset=&#8221;default&#8221; global_colors_info=&#8221;{}&#8221;][et_pb_text _builder_version=&#8221;4.18.0&#8243; _module_preset=&#8221;default&#8221; text_font=&#8221;|600|||||||&#8221; text_font_size=&#8221;30px&#8221; text_line_height=&#8221;1.8em&#8221; custom_margin=&#8221;-31px|||0px|false|false&#8221; custom_padding=&#8221;93px||||false|false&#8221; text_font_size_tablet=&#8221;30px&#8221; text_font_size_phone=&#8221;30px&#8221; text_font_size_last_edited=&#8221;on|tablet&#8221; global_colors_info=&#8221;{}&#8221;]<\/p>\n<p><span style=\"color: #ffffff;\"><strong>Notificaci\u00f3n De La Ley De Derechos De Autor Milenio Digital (\u201cDMCA\u201d)<\/strong><\/span><\/p>\n<p>[\/et_pb_text][\/et_pb_column][\/et_pb_row][\/et_pb_section][et_pb_section fb_built=&#8221;1&#8243; _builder_version=&#8221;4.18.0&#8243; _module_preset=&#8221;default&#8221; background_color=&#8221;#000016&#8243; hover_enabled=&#8221;0&#8243; global_colors_info=&#8221;{}&#8221; sticky_enabled=&#8221;0&#8243;][et_pb_row _builder_version=&#8221;4.18.0&#8243; _module_preset=&#8221;default&#8221; global_colors_info=&#8221;{}&#8221;][et_pb_column type=&#8221;4_4&#8243; _builder_version=&#8221;4.18.0&#8243; _module_preset=&#8221;default&#8221; global_colors_info=&#8221;{}&#8221;][et_pb_text _builder_version=&#8221;4.18.0&#8243; _module_preset=&#8221;default&#8221; hover_enabled=&#8221;0&#8243; global_colors_info=&#8221;{}&#8221; sticky_enabled=&#8221;0&#8243;]<\/p>\n<p><span style=\"color: #999999;\">La presente notificaci\u00f3n tiene s\u00f3lo fines informativos. No tiene intenci\u00f3n de ser, ni debe interpretarse como, asesoramiento legal. Si usted cree que sus derechos de propiedad intelectual han sido infringidos, o si se ha presentado contra usted una notificaci\u00f3n de infracci\u00f3n, deber\u00e1 buscar asesoramiento legal de inmediato.<\/span><\/p>\n<p><span style=\"color: #999999;\">Este sitio de internet, incluyendo todos los textos, HTML, secuencias de comandos e im\u00e1genes cuenta con derechos de autor y es propiedad de y\/o cuenta con S JOTA SOLUCIONES DIGITALES. Todos los derechos reservados.<\/span><\/p>\n<p><span style=\"color: #999999;\">NO PODR\u00c1 REPRODUCIRSE NI TRANSMITIRSE NINGUNA PARTE DE ESTE SITIO DE INTERNET DE NINGUNA MANERA NI POR NING\u00daN MEDIO, MEC\u00c1NICO, ELECTR\u00d3NICO O DE OTRO TIPO INCLUYENDO FOTOCOPIADO Y GRABACI\u00d3N, NI POR NING\u00daN SISTEMA DE RECUPERACI\u00d3N Y ALMACENAMIENTO DE DATOS, NI TRANSMITIRSE POR CORREO ELECTR\u00d3NICO, NI PODR\u00c1 UTILIZARSE DE OTRA MANERA SIN PERMISO ESCRITO EXPRESO PREVIO DEL PROPIETARIO DEL SITIO DE INTERNET.<\/span><\/p>\n<p><span style=\"color: #999999;\">Por supuesto, se excluyen la descarga y almacenamiento en cach\u00e9 de este sitio de internet en una computadora personal para el prop\u00f3sito expl\u00edcito de ver este sitio de internet, as\u00ed como toda informaci\u00f3n claramente marcada como reproducible. Esta notificaci\u00f3n de derechos de autor aplica a todos, incluyendo a todos los visitantes de este sitio de internet.<\/span><\/p>\n<p><span style=\"color: #999999;\"><strong>Disposiciones de la DMCA<\/strong><\/span><\/p>\n<p><span style=\"color: #999999;\">La Ley de Derechos de Autor Milenio Digital de 1998, que se encuentra en la \u00a7 512 de 17 U.S.C. (\u201cDMCA\u201d), provee recursos para los propietarios de materiales con derechos de autor que creen que sus derechos, conforme con la ley de derechos de autor de los Estados Unidos, han sido infringidos en internet.<\/span><\/p>\n<p><span style=\"color: #999999;\">Conforme con la DMCA, el propietario de buena fe de materiales con derechos de autor que tenga una convicci\u00f3n de buena fe de que su derecho de autor ha sido infringido puede contactar no s\u00f3lo a la persona o entidad que infringe su derecho, sino tambi\u00e9n al agente designado de un proveedor de servicios de internet para informar supuestas infracciones respecto de sus trabajos protegidos, cuando dichas supuestas infracciones aparezcan en p\u00e1ginas contenidas dentro del sistema del proveedor de servicios de internet (\u201cISP\u201d, por sus siglas en ingl\u00e9s).<\/span><\/p>\n<p><span style=\"color: #999999;\">El propietario de este sitio de internet y el ISP se comprometen a cumplir con la ley internacional de comercio, pr\u00e1cticas internacionales de comercio, todas las leyes de los Estados Unidos, incluyendo la ley de derechos de autor de los Estados Unidos. Al recibir un reclamo adecuadamente presentado conforme con la DMCA, el propietario y\/o el ISP de este sitio de internet bloquear\u00e1n el acceso al material que se encuentra en supuesta infracci\u00f3n. El propietario del sitio de internet y\/o el ISP enviar\u00e1n una copia de la notificaci\u00f3n de infracci\u00f3n alegada de los derechos de autor al supuesto infractor. Aquel que considere de buena fe que se ha presentado equivocadamente una notificaci\u00f3n de infracci\u00f3n respecto de los derechos de autor en su contra, podr\u00e1 presentar una contra notificaci\u00f3n al propietario del sitio de internet y\/o al ISP.<\/span><\/p>\n<p><span style=\"color: #999999;\"><strong>Notificaci\u00f3n De Infracci\u00f3n Alegada de Derechos de Autor<\/strong><\/span><\/p>\n<p><span style=\"color: #999999;\">Por favor env\u00ede las notificaciones de infracci\u00f3n alegada de derechos de autor de DMCA a:<\/span><\/p>\n<p><span style=\"color: #999999;\"><strong>EL PROPIETARIO DEL SITIO DE INTERNET<\/strong><\/span><\/p>\n<p><span style=\"color: #999999;\">Agente de Derechos de Autor<\/span><\/p>\n<p><span style=\"color: #999999;\">S JOTA SOLUCIONES DIGITALES<\/span><\/p>\n<p><span style=\"color: #999999;\"><strong>Direcci\u00f3n:<\/strong>\u00a0Cra. 68 # 26-11, Cali, 760024, Valle del Cauca, Colombia<\/span><\/p>\n<p><span style=\"color: #999999;\"><strong>EL PROVEEDOR DE SERVICIOS DE INTERNET (\u201cISP\u201d)<\/strong><\/span><\/p>\n<p><span style=\"color: #999999;\">Agente de Derechos de Autor<\/span><\/p>\n<p><span style=\"color: #999999;\">NAMECHEAP<\/span><\/p>\n<p><span style=\"color: #999999;\">4600 East Washington Street,<\/span><\/p>\n<p><span style=\"color: #999999;\">Suite 305, Phoenix,<\/span><\/p>\n<p><span style=\"color: #999999;\">AZ 85034, USA<\/span><\/p>\n<p><span style=\"color: #999999;\">\u00a0<\/span><\/p>\n<p><span style=\"color: #999999;\">Para presentar una notificaci\u00f3n de infracci\u00f3n ante el propietario del sitio de internet o el ISP, usted debe suministrar una comunicaci\u00f3n escrita que establezca los art\u00edculos anteriormente especificados. Usted ser\u00e1 responsable por da\u00f1os y perjuicios (incluyendo da\u00f1os, costos honorarios de abogados) si materialmente tergiversa que el sitio de internet o una p\u00e1gina de internet est\u00e1n infringiendo sus derechos de autor. Por lo tanto, si usted no est\u00e1 seguro de si cierto material suyo est\u00e1 protegido por leyes de derecho de autor, le sugerimos que primero contacte a un abogado.<\/span><\/p>\n<p><span style=\"color: #999999;\">Para expeditar nuestra capacidad de procesar su solicitud, por favor utilice el siguiente formato (incluyendo los n\u00fameros de secci\u00f3n):<\/span><\/p>\n<ol>\n<li><span style=\"color: #999999;\">Identifique con detalle suficiente el trabajo con derechos de autor que usted cree ha sido infringido.<\/span><\/li>\n<li><span style=\"color: #999999;\">Identifique el material que usted alega est\u00e1 infringiendo el trabajo con derechos de autor indicado en el \u00edtem #1 anterior. (Debe indicar el\/los URL(s) (la(s) ubicaci\u00f3n(es) de la(s) p\u00e1gina(s) que contiene(n) el material que supuestamente infringe y tambi\u00e9n incluir una descripci\u00f3n del contenido espec\u00edfico que usted alega est\u00e1 infringiendo su derecho de autor.)<\/span><\/li>\n<li><span style=\"color: #999999;\">Provea informaci\u00f3n razonablemente suficiente para permitirle al propietario del sitio de internet contactarlo (se requieren direcci\u00f3n de correo electr\u00f3nico y un n\u00famero de tel\u00e9fono como m\u00ednimo).<\/span><\/li>\n<li><span style=\"color: #999999;\">Incluya la siguiente declaraci\u00f3n: \u201cSo pena de perjurio, juro que la informaci\u00f3n de la notificaci\u00f3n es exacta y que soy el propietario del derecho de autor o que estoy autorizado a actuar en nombre del propietario de un derecho exclusivo que es supuestamente infringido. Afirmo, adem\u00e1s, que como propietario del derecho de autor, tengo la convicci\u00f3n de buena fe de que el uso del material de la manera alegada no es autorizado por m\u00ed, mi agente ni la ley.\u201d<\/span><\/li>\n<li><span style=\"color: #999999;\">La firma del propietario del derecho de autor o de una persona autorizada para actuar en nombre del propietario del derecho de autor. Puede enviar su notificaci\u00f3n por correo electr\u00f3nico siempre que dicha notificaci\u00f3n incluya la correspondiente firma electr\u00f3nica. La firma o firma electr\u00f3nica deber\u00e1 ser la del propietario del derecho de autor, o de una persona autorizada a actuar en nombre del propietario, de un derecho de autor exclusivo que ha sido supuestamente infringido.<\/span><\/li>\n<\/ol>\n<p><span style=\"color: #999999;\">Para m\u00e1s detalles acerca de la informaci\u00f3n requerida para una notificaci\u00f3n v\u00e1lida, por favor, vea Secci\u00f3n 512(c) (3) de 17 U.S.C.<\/span><\/p>\n<p><span style=\"color: #999999;\">Contra notificaci\u00f3n De La Infracci\u00f3n De Derechos De Autor Reclamada<\/span><\/p>\n<p><span style=\"color: #999999;\">Si se ha presentado una notificaci\u00f3n de infracci\u00f3n respecto de derechos de autor ante el propietario del sitio de internet y\/o el ISP en su contra, el propietario y\/o el ISP intentar\u00e1n notificarlo y entregarle una copia de la notificaci\u00f3n de infracci\u00f3n respecto de los derechos de autor. Si usted tiene la convicci\u00f3n de buena fe de que ha sido acusado equivocadamente, puede presentar una contra notificaci\u00f3n ante el propietario del sitio de internet y\/o el ISP. Si el propietario del sitio de internet y\/o el ISP reciben una contra notificaci\u00f3n v\u00e1lida, la DMCA dispone que se restablezca o vuelva a habilitar el acceso a la informaci\u00f3n bloqueada o eliminada.<\/span><\/p>\n<p><span style=\"color: #999999;\">El propietario del sitio de internet y\/o el ISP reemplazar\u00e1n el material eliminado y cesar\u00e1n de deshabilitar el acceso al mismo en no menos de 10, ni m\u00e1s de 14 d\u00edas h\u00e1biles tras recibir la contra notificaci\u00f3n, a menos que el propietario del sitio de internet y\/o ISP reciban primero notificaci\u00f3n de la parte demandante de que dicha parte demandante ha presentado una acci\u00f3n buscando obtener una orden judicial para impedir que el supuesto infractor participe en actividad infractora en relaci\u00f3n con el material de este sitio de internet.<\/span><\/p>\n<p><span style=\"color: #999999;\">Por favor, tenga en cuenta que la ley de derechos de autor de los Estados Unidos dispone multas sustanciales por una contra notificaci\u00f3n falsa presentada en respuesta a una notificaci\u00f3n de infracci\u00f3n de derechos de autor. En consecuencia, si usted no est\u00e1 seguro de si determinado material de su propiedad se encuentra protegido por leyes de derecho de autor, le sugerimos que primero contacte a un abogado.<\/span><\/p>\n<p>[\/et_pb_text][\/et_pb_column][\/et_pb_row][\/et_pb_section]<\/p>\n","protected":false},"excerpt":{"rendered":"<p>Notificaci\u00f3n De La Ley De Derechos De Autor Milenio Digital (\u201cDMCA\u201d)La presente notificaci\u00f3n tiene s\u00f3lo fines informativos. No tiene intenci\u00f3n de ser, ni debe interpretarse como, asesoramiento legal. Si usted cree que sus derechos de propiedad intelectual han sido infringidos, o si se ha presentado contra usted una notificaci\u00f3n de infracci\u00f3n, deber\u00e1 buscar asesoramiento legal [&hellip;]<\/p>\n","protected":false},"author":1,"featured_media":0,"parent":0,"menu_order":0,"comment_status":"closed","ping_status":"closed","template":"","meta":{"_acf_changed":false,"_et_pb_use_builder":"on","_et_pb_old_content":"","_et_gb_content_width":"","footnotes":""},"class_list":["post-2893","page","type-page","status-publish","hentry"],"acf":[],"_links":{"self":[{"href":"https:\/\/sjotasolucionesdigitales.com\/legalidad\/wp-json\/wp\/v2\/pages\/2893","targetHints":{"allow":["GET"]}}],"collection":[{"href":"https:\/\/sjotasolucionesdigitales.com\/legalidad\/wp-json\/wp\/v2\/pages"}],"about":[{"href":"https:\/\/sjotasolucionesdigitales.com\/legalidad\/wp-json\/wp\/v2\/types\/page"}],"author":[{"embeddable":true,"href":"https:\/\/sjotasolucionesdigitales.com\/legalidad\/wp-json\/wp\/v2\/users\/1"}],"replies":[{"embeddable":true,"href":"https:\/\/sjotasolucionesdigitales.com\/legalidad\/wp-json\/wp\/v2\/comments?post=2893"}],"version-history":[{"count":5,"href":"https:\/\/sjotasolucionesdigitales.com\/legalidad\/wp-json\/wp\/v2\/pages\/2893\/revisions"}],"predecessor-version":[{"id":3075,"href":"https:\/\/sjotasolucionesdigitales.com\/legalidad\/wp-json\/wp\/v2\/pages\/2893\/revisions\/3075"}],"wp:attachment":[{"href":"https:\/\/sjotasolucionesdigitales.com\/legalidad\/wp-json\/wp\/v2\/media?parent=2893"}],"curies":[{"name":"wp","href":"https:\/\/api.w.org\/{rel}","templated":true}]}}